{"id":12,"date":"2025-04-02T17:02:09","date_gmt":"2025-04-02T15:02:09","guid":{"rendered":"http:\/\/acsac.fr\/?page_id=12"},"modified":"2025-08-05T14:35:18","modified_gmt":"2025-08-05T12:35:18","slug":"mentions-legales","status":"publish","type":"page","link":"https:\/\/acsac.fr\/?page_id=12","title":{"rendered":"Mentions l\u00e9gales"},"content":{"rendered":"\n<p><strong>MENTIONS L\u00c9GALES<\/strong><\/p>\n\n\n\n<p>Conform\u00e9ment aux dispositions de la loi n\u00b0 2004-575 du 21 juin 2004 pour la confiance en l&rsquo;\u00e9conomie num\u00e9rique, il est pr\u00e9cis\u00e9 aux utilisateurs du site ACSAC l&rsquo;identit\u00e9 des diff\u00e9rents intervenants dans le cadre de sa r\u00e9alisation et de son suivi.<\/p>\n\n\n\n<p><strong>Edition du site&nbsp;<\/strong><\/p>\n\n\n\n<p>Le pr\u00e9sent site, accessible \u00e0 l\u2019URL https:\/\/www.acsac.fr (le \u00ab Site \u00bb), est \u00e9dit\u00e9 par :<\/p>\n\n\n\n<p><br>L\u2019association Acsac Photos Cin\u00e9 Vid\u00e9os, enregistr\u00e9e aupr\u00e8s de la pr\u00e9fecture\/sous-pr\u00e9fecture de 72 &#8211; Pr\u00e9fecture Le Mans , ayant son si\u00e8ge situ\u00e9 \u00e0 26 Av. du G\u00e9n\u00e9ral de Gaulle, 72000 Le Mans, repr\u00e9sent\u00e9e par Christine Mme Mirgaine d\u00fbment habilit\u00e9(e)<\/p>\n\n\n\n<p><strong>H\u00e9bergement<\/strong><\/p>\n\n\n\n<p><br>Le Site est h\u00e9berg\u00e9 par la soci\u00e9t\u00e9 OVH SAS, situ\u00e9 2 rue Kellermann &#8211; BP 80157 &#8211; 59053 Roubaix Cedex 1, (contact t\u00e9l\u00e9phonique ou email : 1007).<\/p>\n\n\n\n<p><strong>Directeur de publication&nbsp;<\/strong><\/p>\n\n\n\n<p><br>Le Directeur de la publication du Site est Jean Luc Johan .<\/p>\n\n\n\n<p><strong>Nous contacter&nbsp;<\/strong><\/p>\n\n\n\n<p><br>Par t\u00e9l\u00e9phone&nbsp;: +33612680697<\/p>\n\n\n\n<p>Par e-mail\u00a0: gasnierjc@9online.fr<\/p>\n\n\n\n<p>Par courrier&nbsp;: 72190 SARGE LES LE MANS<\/p>\n","protected":false},"excerpt":{"rendered":"<p>MENTIONS L\u00c9GALES Conform\u00e9ment aux dispositions de la loi n\u00b0 2004-575 du 21 juin 2004 pour la confiance en l&rsquo;\u00e9conomie num\u00e9rique, il est pr\u00e9cis\u00e9 aux utilisateurs du site ACSAC l&rsquo;identit\u00e9 des diff\u00e9rents intervenants dans le cadre de sa r\u00e9alisation et de son suivi. Edition du site&nbsp; Le pr\u00e9sent site, accessible \u00e0 l\u2019URL https:\/\/www.acsac.fr (le \u00ab Site &hellip; <\/p>\n<p class=\"link-more\"><a href=\"https:\/\/acsac.fr\/?page_id=12\" class=\"more-link\">Lire la suite de<span class=\"screen-reader-text\">\u00ab\u00a0Mentions l\u00e9gales\u00a0\u00bb<\/span><\/a><\/p>\n","protected":false},"author":1,"featured_media":0,"parent":0,"menu_order":0,"comment_status":"closed","ping_status":"closed","template":"","meta":{"ngg_post_thumbnail":0,"footnotes":""},"class_list":["post-12","page","type-page","status-publish","hentry"],"yoast_head":"<!-- This site is optimized with the Yoast SEO plugin v24.8.1 - https:\/\/yoast.com\/wordpress\/plugins\/seo\/ -->\n<title>Mentions l\u00e9gales - ACSAC<\/title>\n<meta name=\"robots\" content=\"index, follow, max-snippet:-1, max-image-preview:large, max-video-preview:-1\" \/>\n<link rel=\"canonical\" href=\"https:\/\/acsac.fr\/?page_id=12\" \/>\n<meta property=\"og:locale\" content=\"fr_FR\" \/>\n<meta property=\"og:type\" content=\"article\" \/>\n<meta property=\"og:title\" content=\"Mentions l\u00e9gales - ACSAC\" \/>\n<meta property=\"og:description\" content=\"MENTIONS L\u00c9GALES Conform\u00e9ment aux dispositions de la loi n\u00b0 2004-575 du 21 juin 2004 pour la confiance en l&rsquo;\u00e9conomie num\u00e9rique, il est pr\u00e9cis\u00e9 aux utilisateurs du site ACSAC l&rsquo;identit\u00e9 des diff\u00e9rents intervenants dans le cadre de sa r\u00e9alisation et de son suivi. Edition du site&nbsp; Le pr\u00e9sent site, accessible \u00e0 l\u2019URL https:\/\/www.acsac.fr (le \u00ab Site &hellip; Lire la suite de\u00ab\u00a0Mentions l\u00e9gales\u00a0\u00bb\" \/>\n<meta property=\"og:url\" content=\"https:\/\/acsac.fr\/?page_id=12\" \/>\n<meta property=\"og:site_name\" content=\"ACSAC\" \/>\n<meta property=\"article:modified_time\" content=\"2025-08-05T12:35:18+00:00\" \/>\n<meta name=\"twitter:card\" content=\"summary_large_image\" \/>\n<meta name=\"twitter:label1\" content=\"Dur\u00e9e de lecture estim\u00e9e\" \/>\n\t<meta name=\"twitter:data1\" content=\"1 minute\" \/>\n<script type=\"application\/ld+json\" class=\"yoast-schema-graph\">{\"@context\":\"https:\/\/schema.org\",\"@graph\":[{\"@type\":\"WebPage\",\"@id\":\"https:\/\/acsac.fr\/?page_id=12\",\"url\":\"https:\/\/acsac.fr\/?page_id=12\",\"name\":\"Mentions l\u00e9gales - ACSAC\",\"isPartOf\":{\"@id\":\"https:\/\/acsac.fr\/#website\"},\"datePublished\":\"2025-04-02T15:02:09+00:00\",\"dateModified\":\"2025-08-05T12:35:18+00:00\",\"breadcrumb\":{\"@id\":\"https:\/\/acsac.fr\/?page_id=12#breadcrumb\"},\"inLanguage\":\"fr-FR\",\"potentialAction\":[{\"@type\":\"ReadAction\",\"target\":[\"https:\/\/acsac.fr\/?page_id=12\"]}]},{\"@type\":\"BreadcrumbList\",\"@id\":\"https:\/\/acsac.fr\/?page_id=12#breadcrumb\",\"itemListElement\":[{\"@type\":\"ListItem\",\"position\":1,\"name\":\"Accueil\",\"item\":\"https:\/\/acsac.fr\/\"},{\"@type\":\"ListItem\",\"position\":2,\"name\":\"Mentions l\u00e9gales\"}]},{\"@type\":\"WebSite\",\"@id\":\"https:\/\/acsac.fr\/#website\",\"url\":\"https:\/\/acsac.fr\/\",\"name\":\"ACSAC\",\"description\":\"Photo Cin\u00e9  Vid\u00e9o\",\"potentialAction\":[{\"@type\":\"SearchAction\",\"target\":{\"@type\":\"EntryPoint\",\"urlTemplate\":\"https:\/\/acsac.fr\/?s={search_term_string}\"},\"query-input\":{\"@type\":\"PropertyValueSpecification\",\"valueRequired\":true,\"valueName\":\"search_term_string\"}}],\"inLanguage\":\"fr-FR\"}]}<\/script>\n<!-- \/ Yoast SEO plugin. -->","yoast_head_json":{"title":"Mentions l\u00e9gales - ACSAC","robots":{"index":"index","follow":"follow","max-snippet":"max-snippet:-1","max-image-preview":"max-image-preview:large","max-video-preview":"max-video-preview:-1"},"canonical":"https:\/\/acsac.fr\/?page_id=12","og_locale":"fr_FR","og_type":"article","og_title":"Mentions l\u00e9gales - ACSAC","og_description":"MENTIONS L\u00c9GALES Conform\u00e9ment aux dispositions de la loi n\u00b0 2004-575 du 21 juin 2004 pour la confiance en l&rsquo;\u00e9conomie num\u00e9rique, il est pr\u00e9cis\u00e9 aux utilisateurs du site ACSAC l&rsquo;identit\u00e9 des diff\u00e9rents intervenants dans le cadre de sa r\u00e9alisation et de son suivi. Edition du site&nbsp; Le pr\u00e9sent site, accessible \u00e0 l\u2019URL https:\/\/www.acsac.fr (le \u00ab Site &hellip; Lire la suite de\u00ab\u00a0Mentions l\u00e9gales\u00a0\u00bb","og_url":"https:\/\/acsac.fr\/?page_id=12","og_site_name":"ACSAC","article_modified_time":"2025-08-05T12:35:18+00:00","twitter_card":"summary_large_image","twitter_misc":{"Dur\u00e9e de lecture estim\u00e9e":"1 minute"},"schema":{"@context":"https:\/\/schema.org","@graph":[{"@type":"WebPage","@id":"https:\/\/acsac.fr\/?page_id=12","url":"https:\/\/acsac.fr\/?page_id=12","name":"Mentions l\u00e9gales - ACSAC","isPartOf":{"@id":"https:\/\/acsac.fr\/#website"},"datePublished":"2025-04-02T15:02:09+00:00","dateModified":"2025-08-05T12:35:18+00:00","breadcrumb":{"@id":"https:\/\/acsac.fr\/?page_id=12#breadcrumb"},"inLanguage":"fr-FR","potentialAction":[{"@type":"ReadAction","target":["https:\/\/acsac.fr\/?page_id=12"]}]},{"@type":"BreadcrumbList","@id":"https:\/\/acsac.fr\/?page_id=12#breadcrumb","itemListElement":[{"@type":"ListItem","position":1,"name":"Accueil","item":"https:\/\/acsac.fr\/"},{"@type":"ListItem","position":2,"name":"Mentions l\u00e9gales"}]},{"@type":"WebSite","@id":"https:\/\/acsac.fr\/#website","url":"https:\/\/acsac.fr\/","name":"ACSAC","description":"Photo Cin\u00e9  Vid\u00e9o","potentialAction":[{"@type":"SearchAction","target":{"@type":"EntryPoint","urlTemplate":"https:\/\/acsac.fr\/?s={search_term_string}"},"query-input":{"@type":"PropertyValueSpecification","valueRequired":true,"valueName":"search_term_string"}}],"inLanguage":"fr-FR"}]}},"_links":{"self":[{"href":"https:\/\/acsac.fr\/index.php?rest_route=\/wp\/v2\/pages\/12","targetHints":{"allow":["GET"]}}],"collection":[{"href":"https:\/\/acsac.fr\/index.php?rest_route=\/wp\/v2\/pages"}],"about":[{"href":"https:\/\/acsac.fr\/index.php?rest_route=\/wp\/v2\/types\/page"}],"author":[{"embeddable":true,"href":"https:\/\/acsac.fr\/index.php?rest_route=\/wp\/v2\/users\/1"}],"replies":[{"embeddable":true,"href":"https:\/\/acsac.fr\/index.php?rest_route=%2Fwp%2Fv2%2Fcomments&post=12"}],"version-history":[{"count":2,"href":"https:\/\/acsac.fr\/index.php?rest_route=\/wp\/v2\/pages\/12\/revisions"}],"predecessor-version":[{"id":645,"href":"https:\/\/acsac.fr\/index.php?rest_route=\/wp\/v2\/pages\/12\/revisions\/645"}],"wp:attachment":[{"href":"https:\/\/acsac.fr\/index.php?rest_route=%2Fwp%2Fv2%2Fmedia&parent=12"}],"curies":[{"name":"wp","href":"https:\/\/api.w.org\/{rel}","templated":true}]}}