{"id":336,"date":"2025-04-07T11:15:54","date_gmt":"2025-04-07T09:15:54","guid":{"rendered":"http:\/\/acsac.fr\/?page_id=336"},"modified":"2026-04-24T13:09:46","modified_gmt":"2026-04-24T11:09:46","slug":"programme","status":"publish","type":"page","link":"https:\/\/acsac.fr\/?page_id=336","title":{"rendered":"Programmation"},"content":{"rendered":"\t\t<div data-elementor-type=\"wp-page\" data-elementor-id=\"336\" class=\"elementor elementor-336\">\n\t\t\t\t<div class=\"elementor-element elementor-element-e1a5a8b e-flex e-con-boxed e-con e-parent\" data-id=\"e1a5a8b\" data-element_type=\"container\">\n\t\t\t\t\t<div class=\"e-con-inner\">\n\t\t<div class=\"elementor-element elementor-element-ee7911e e-con-full e-flex e-con e-child\" data-id=\"ee7911e\" data-element_type=\"container\">\n\t\t\t\t<div class=\"elementor-element elementor-element-9216df0 elementor-widget elementor-widget-text-editor\" data-id=\"9216df0\" data-element_type=\"widget\" data-widget_type=\"text-editor.default\">\n\t\t\t\t<div class=\"elementor-widget-container\">\n\t\t\t\t\t\t\t\t\t<p>Pour la projection du mercredi 29 avril 2026 \u00e0 20 h 30, ouverte \u00e9galement aux adh\u00e9rents ACSAC,\u00a0 je vous propose la programmation suivante :<\/p>\n<p>&#8211; Plumes et Pinceaux, sur les traces des Ma\u00eetres : film ACSAC 2023 : 30 mn<\/p>\n<p>&#8211; Pub<\/p>\n<p>&#8211; Argentine : film de G\u00e9rard Baude : 59 mn<\/p>\n<p>Je vous rappelle qu&rsquo;il convient d&rsquo;arriver avant 20 h 30 car la porte ext\u00e9rieure est ferm\u00e9e \u00e0 partir de cette heure pour raisons de s\u00e9curit\u00e9<\/p>\t\t\t\t\t\t\t\t<\/div>\n\t\t\t\t<\/div>\n\t\t\t\t<\/div>\n\t\t<div class=\"elementor-element elementor-element-e6461b8 e-con-full e-flex e-con e-child\" data-id=\"e6461b8\" data-element_type=\"container\">\n\t\t\t\t<\/div>\n\t\t\t\t\t<\/div>\n\t\t\t\t<\/div>\n\t\t<div class=\"elementor-element elementor-element-cfa7bff e-flex e-con-boxed e-con e-parent\" data-id=\"cfa7bff\" data-element_type=\"container\">\n\t\t\t\t\t<div class=\"e-con-inner\">\n\t\t<div class=\"elementor-element elementor-element-6ccf907 e-con-full e-flex e-con e-child\" data-id=\"6ccf907\" data-element_type=\"container\">\n\t\t\t\t<\/div>\n\t\t<div class=\"elementor-element elementor-element-05c932e e-con-full e-flex e-con e-child\" data-id=\"05c932e\" data-element_type=\"container\">\n\t\t\t\t<\/div>\n\t\t\t\t\t<\/div>\n\t\t\t\t<\/div>\n\t\t\t\t<\/div>\n\t\t","protected":false},"excerpt":{"rendered":"<p>Pour la projection du mercredi 29 avril 2026 \u00e0 20 h 30, ouverte \u00e9galement aux adh\u00e9rents ACSAC,\u00a0 je vous propose la programmation suivante : &#8211; Plumes et Pinceaux, sur les traces des Ma\u00eetres : film ACSAC 2023 : 30 mn &#8211; Pub &#8211; Argentine : film de G\u00e9rard Baude : 59 mn Je vous rappelle &hellip; <\/p>\n<p class=\"link-more\"><a href=\"https:\/\/acsac.fr\/?page_id=336\" class=\"more-link\">Lire la suite de<span class=\"screen-reader-text\">\u00ab\u00a0Programmation\u00a0\u00bb<\/span><\/a><\/p>\n","protected":false},"author":1,"featured_media":0,"parent":0,"menu_order":0,"comment_status":"closed","ping_status":"closed","template":"elementor_theme","meta":{"ngg_post_thumbnail":0,"footnotes":""},"class_list":["post-336","page","type-page","status-publish","hentry"],"yoast_head":"<!-- This site is optimized with the Yoast SEO plugin v24.8.1 - https:\/\/yoast.com\/wordpress\/plugins\/seo\/ -->\n<title>Programmation - ACSAC<\/title>\n<meta name=\"robots\" content=\"index, follow, max-snippet:-1, max-image-preview:large, max-video-preview:-1\" \/>\n<link rel=\"canonical\" href=\"https:\/\/acsac.fr\/?page_id=336\" \/>\n<meta property=\"og:locale\" content=\"fr_FR\" \/>\n<meta property=\"og:type\" content=\"article\" \/>\n<meta property=\"og:title\" content=\"Programmation - ACSAC\" \/>\n<meta property=\"og:description\" content=\"Pour la projection du mercredi 29 avril 2026 \u00e0 20 h 30, ouverte \u00e9galement aux adh\u00e9rents ACSAC,\u00a0 je vous propose la programmation suivante : &#8211; Plumes et Pinceaux, sur les traces des Ma\u00eetres : film ACSAC 2023 : 30 mn &#8211; Pub &#8211; Argentine : film de G\u00e9rard Baude : 59 mn Je vous rappelle &hellip; Lire la suite de\u00ab\u00a0Programmation\u00a0\u00bb\" \/>\n<meta property=\"og:url\" content=\"https:\/\/acsac.fr\/?page_id=336\" \/>\n<meta property=\"og:site_name\" content=\"ACSAC\" \/>\n<meta property=\"article:modified_time\" content=\"2026-04-24T11:09:46+00:00\" \/>\n<meta name=\"twitter:card\" content=\"summary_large_image\" \/>\n<meta name=\"twitter:label1\" content=\"Dur\u00e9e de lecture estim\u00e9e\" \/>\n\t<meta name=\"twitter:data1\" content=\"1 minute\" \/>\n<script type=\"application\/ld+json\" class=\"yoast-schema-graph\">{\"@context\":\"https:\/\/schema.org\",\"@graph\":[{\"@type\":\"WebPage\",\"@id\":\"https:\/\/acsac.fr\/?page_id=336\",\"url\":\"https:\/\/acsac.fr\/?page_id=336\",\"name\":\"Programmation - ACSAC\",\"isPartOf\":{\"@id\":\"https:\/\/acsac.fr\/#website\"},\"datePublished\":\"2025-04-07T09:15:54+00:00\",\"dateModified\":\"2026-04-24T11:09:46+00:00\",\"breadcrumb\":{\"@id\":\"https:\/\/acsac.fr\/?page_id=336#breadcrumb\"},\"inLanguage\":\"fr-FR\",\"potentialAction\":[{\"@type\":\"ReadAction\",\"target\":[\"https:\/\/acsac.fr\/?page_id=336\"]}]},{\"@type\":\"BreadcrumbList\",\"@id\":\"https:\/\/acsac.fr\/?page_id=336#breadcrumb\",\"itemListElement\":[{\"@type\":\"ListItem\",\"position\":1,\"name\":\"Accueil\",\"item\":\"https:\/\/acsac.fr\/\"},{\"@type\":\"ListItem\",\"position\":2,\"name\":\"Programmation\"}]},{\"@type\":\"WebSite\",\"@id\":\"https:\/\/acsac.fr\/#website\",\"url\":\"https:\/\/acsac.fr\/\",\"name\":\"ACSAC\",\"description\":\"Photo Cin\u00e9  Vid\u00e9o\",\"potentialAction\":[{\"@type\":\"SearchAction\",\"target\":{\"@type\":\"EntryPoint\",\"urlTemplate\":\"https:\/\/acsac.fr\/?s={search_term_string}\"},\"query-input\":{\"@type\":\"PropertyValueSpecification\",\"valueRequired\":true,\"valueName\":\"search_term_string\"}}],\"inLanguage\":\"fr-FR\"}]}<\/script>\n<!-- \/ Yoast SEO plugin. -->","yoast_head_json":{"title":"Programmation - ACSAC","robots":{"index":"index","follow":"follow","max-snippet":"max-snippet:-1","max-image-preview":"max-image-preview:large","max-video-preview":"max-video-preview:-1"},"canonical":"https:\/\/acsac.fr\/?page_id=336","og_locale":"fr_FR","og_type":"article","og_title":"Programmation - ACSAC","og_description":"Pour la projection du mercredi 29 avril 2026 \u00e0 20 h 30, ouverte \u00e9galement aux adh\u00e9rents ACSAC,\u00a0 je vous propose la programmation suivante : &#8211; Plumes et Pinceaux, sur les traces des Ma\u00eetres : film ACSAC 2023 : 30 mn &#8211; Pub &#8211; Argentine : film de G\u00e9rard Baude : 59 mn Je vous rappelle &hellip; Lire la suite de\u00ab\u00a0Programmation\u00a0\u00bb","og_url":"https:\/\/acsac.fr\/?page_id=336","og_site_name":"ACSAC","article_modified_time":"2026-04-24T11:09:46+00:00","twitter_card":"summary_large_image","twitter_misc":{"Dur\u00e9e de lecture estim\u00e9e":"1 minute"},"schema":{"@context":"https:\/\/schema.org","@graph":[{"@type":"WebPage","@id":"https:\/\/acsac.fr\/?page_id=336","url":"https:\/\/acsac.fr\/?page_id=336","name":"Programmation - ACSAC","isPartOf":{"@id":"https:\/\/acsac.fr\/#website"},"datePublished":"2025-04-07T09:15:54+00:00","dateModified":"2026-04-24T11:09:46+00:00","breadcrumb":{"@id":"https:\/\/acsac.fr\/?page_id=336#breadcrumb"},"inLanguage":"fr-FR","potentialAction":[{"@type":"ReadAction","target":["https:\/\/acsac.fr\/?page_id=336"]}]},{"@type":"BreadcrumbList","@id":"https:\/\/acsac.fr\/?page_id=336#breadcrumb","itemListElement":[{"@type":"ListItem","position":1,"name":"Accueil","item":"https:\/\/acsac.fr\/"},{"@type":"ListItem","position":2,"name":"Programmation"}]},{"@type":"WebSite","@id":"https:\/\/acsac.fr\/#website","url":"https:\/\/acsac.fr\/","name":"ACSAC","description":"Photo Cin\u00e9  Vid\u00e9o","potentialAction":[{"@type":"SearchAction","target":{"@type":"EntryPoint","urlTemplate":"https:\/\/acsac.fr\/?s={search_term_string}"},"query-input":{"@type":"PropertyValueSpecification","valueRequired":true,"valueName":"search_term_string"}}],"inLanguage":"fr-FR"}]}},"_links":{"self":[{"href":"https:\/\/acsac.fr\/index.php?rest_route=\/wp\/v2\/pages\/336","targetHints":{"allow":["GET"]}}],"collection":[{"href":"https:\/\/acsac.fr\/index.php?rest_route=\/wp\/v2\/pages"}],"about":[{"href":"https:\/\/acsac.fr\/index.php?rest_route=\/wp\/v2\/types\/page"}],"author":[{"embeddable":true,"href":"https:\/\/acsac.fr\/index.php?rest_route=\/wp\/v2\/users\/1"}],"replies":[{"embeddable":true,"href":"https:\/\/acsac.fr\/index.php?rest_route=%2Fwp%2Fv2%2Fcomments&post=336"}],"version-history":[{"count":92,"href":"https:\/\/acsac.fr\/index.php?rest_route=\/wp\/v2\/pages\/336\/revisions"}],"predecessor-version":[{"id":871,"href":"https:\/\/acsac.fr\/index.php?rest_route=\/wp\/v2\/pages\/336\/revisions\/871"}],"wp:attachment":[{"href":"https:\/\/acsac.fr\/index.php?rest_route=%2Fwp%2Fv2%2Fmedia&parent=336"}],"curies":[{"name":"wp","href":"https:\/\/api.w.org\/{rel}","templated":true}]}}